{"id":96,"date":"2023-05-13T16:02:23","date_gmt":"2023-05-13T16:02:23","guid":{"rendered":"https:\/\/ciudadesdigitales.appme.com.ar\/?page_id=96"},"modified":"2023-05-13T16:18:18","modified_gmt":"2023-05-13T16:18:18","slug":"nuestra-web","status":"publish","type":"page","link":"https:\/\/ciudadesdigitales.appme.com.ar\/?page_id=96","title":{"rendered":"NUESTRA WEB"},"content":{"rendered":"\n<figure class=\"wp-block-image size-large\"><a href=\"https:\/\/ciudadesdigitales.appme.com.ar\/wp-content\/uploads\/2023\/05\/app1.png\"><img loading=\"lazy\" decoding=\"async\" width=\"1024\" height=\"514\" src=\"https:\/\/ciudadesdigitales.appme.com.ar\/wp-content\/uploads\/2023\/05\/app1-1024x514.png\" alt=\"\" class=\"wp-image-97\" srcset=\"https:\/\/ciudadesdigitales.appme.com.ar\/wp-content\/uploads\/2023\/05\/app1-1024x514.png 1024w, https:\/\/ciudadesdigitales.appme.com.ar\/wp-content\/uploads\/2023\/05\/app1-300x151.png 300w, https:\/\/ciudadesdigitales.appme.com.ar\/wp-content\/uploads\/2023\/05\/app1-768x386.png 768w, https:\/\/ciudadesdigitales.appme.com.ar\/wp-content\/uploads\/2023\/05\/app1-1536x772.png 1536w, https:\/\/ciudadesdigitales.appme.com.ar\/wp-content\/uploads\/2023\/05\/app1.png 1917w\" sizes=\"auto, (max-width: 767px) 89vw, (max-width: 1000px) 54vw, (max-width: 1071px) 543px, 580px\" \/><\/a><\/figure>\n\n\n\n<p>Acceso al sitio con credenciales de acceso.<\/p>\n\n\n\n<figure class=\"wp-block-image size-large\"><a href=\"https:\/\/ciudadesdigitales.appme.com.ar\/wp-content\/uploads\/2023\/05\/app2.png\"><img loading=\"lazy\" decoding=\"async\" width=\"1024\" height=\"518\" src=\"https:\/\/ciudadesdigitales.appme.com.ar\/wp-content\/uploads\/2023\/05\/app2-1024x518.png\" alt=\"\" class=\"wp-image-98\" srcset=\"https:\/\/ciudadesdigitales.appme.com.ar\/wp-content\/uploads\/2023\/05\/app2-1024x518.png 1024w, https:\/\/ciudadesdigitales.appme.com.ar\/wp-content\/uploads\/2023\/05\/app2-300x152.png 300w, https:\/\/ciudadesdigitales.appme.com.ar\/wp-content\/uploads\/2023\/05\/app2-768x389.png 768w, https:\/\/ciudadesdigitales.appme.com.ar\/wp-content\/uploads\/2023\/05\/app2-1536x777.png 1536w, https:\/\/ciudadesdigitales.appme.com.ar\/wp-content\/uploads\/2023\/05\/app2.png 1919w\" sizes=\"auto, (max-width: 767px) 89vw, (max-width: 1000px) 54vw, (max-width: 1071px) 543px, 580px\" \/><\/a><\/figure>\n\n\n\n<p>Algunos de las opciones de la web, accediendo desde su men\u00fa.<\/p>\n\n\n\n<figure class=\"wp-block-image size-large\"><a href=\"https:\/\/ciudadesdigitales.appme.com.ar\/wp-content\/uploads\/2023\/05\/app3.png\"><img loading=\"lazy\" decoding=\"async\" width=\"1024\" height=\"518\" src=\"https:\/\/ciudadesdigitales.appme.com.ar\/wp-content\/uploads\/2023\/05\/app3-1024x518.png\" alt=\"\" class=\"wp-image-99\" srcset=\"https:\/\/ciudadesdigitales.appme.com.ar\/wp-content\/uploads\/2023\/05\/app3-1024x518.png 1024w, https:\/\/ciudadesdigitales.appme.com.ar\/wp-content\/uploads\/2023\/05\/app3-300x152.png 300w, https:\/\/ciudadesdigitales.appme.com.ar\/wp-content\/uploads\/2023\/05\/app3-768x388.png 768w, https:\/\/ciudadesdigitales.appme.com.ar\/wp-content\/uploads\/2023\/05\/app3-1536x776.png 1536w, https:\/\/ciudadesdigitales.appme.com.ar\/wp-content\/uploads\/2023\/05\/app3.png 1917w\" sizes=\"auto, (max-width: 767px) 89vw, (max-width: 1000px) 54vw, (max-width: 1071px) 543px, 580px\" \/><\/a><\/figure>\n\n\n\n<figure class=\"wp-block-image size-large\"><a href=\"https:\/\/ciudadesdigitales.appme.com.ar\/wp-content\/uploads\/2023\/05\/app35.png\"><img loading=\"lazy\" decoding=\"async\" width=\"1024\" height=\"521\" src=\"https:\/\/ciudadesdigitales.appme.com.ar\/wp-content\/uploads\/2023\/05\/app35-1024x521.png\" alt=\"\" class=\"wp-image-100\" srcset=\"https:\/\/ciudadesdigitales.appme.com.ar\/wp-content\/uploads\/2023\/05\/app35-1024x521.png 1024w, https:\/\/ciudadesdigitales.appme.com.ar\/wp-content\/uploads\/2023\/05\/app35-300x153.png 300w, https:\/\/ciudadesdigitales.appme.com.ar\/wp-content\/uploads\/2023\/05\/app35-768x391.png 768w, https:\/\/ciudadesdigitales.appme.com.ar\/wp-content\/uploads\/2023\/05\/app35-1536x781.png 1536w, https:\/\/ciudadesdigitales.appme.com.ar\/wp-content\/uploads\/2023\/05\/app35.png 1909w\" sizes=\"auto, (max-width: 767px) 89vw, (max-width: 1000px) 54vw, (max-width: 1071px) 543px, 580px\" \/><\/a><\/figure>\n\n\n\n<p>Una de las pantallas para la administraci\u00f3n de la informaci\u00f3n.<\/p>\n\n\n\n<figure class=\"wp-block-image size-large\"><a href=\"https:\/\/ciudadesdigitales.appme.com.ar\/wp-content\/uploads\/2023\/05\/app4.png\"><img loading=\"lazy\" decoding=\"async\" width=\"1024\" height=\"515\" src=\"https:\/\/ciudadesdigitales.appme.com.ar\/wp-content\/uploads\/2023\/05\/app4-1024x515.png\" alt=\"\" class=\"wp-image-101\" srcset=\"https:\/\/ciudadesdigitales.appme.com.ar\/wp-content\/uploads\/2023\/05\/app4-1024x515.png 1024w, https:\/\/ciudadesdigitales.appme.com.ar\/wp-content\/uploads\/2023\/05\/app4-300x151.png 300w, https:\/\/ciudadesdigitales.appme.com.ar\/wp-content\/uploads\/2023\/05\/app4-768x387.png 768w, https:\/\/ciudadesdigitales.appme.com.ar\/wp-content\/uploads\/2023\/05\/app4-1536x773.png 1536w, https:\/\/ciudadesdigitales.appme.com.ar\/wp-content\/uploads\/2023\/05\/app4.png 1917w\" sizes=\"auto, (max-width: 767px) 89vw, (max-width: 1000px) 54vw, (max-width: 1071px) 543px, 580px\" \/><\/a><\/figure>\n\n\n\n<figure class=\"wp-block-image size-large\"><a href=\"https:\/\/ciudadesdigitales.appme.com.ar\/wp-content\/uploads\/2023\/05\/app5.png\"><img loading=\"lazy\" decoding=\"async\" width=\"1024\" height=\"517\" src=\"https:\/\/ciudadesdigitales.appme.com.ar\/wp-content\/uploads\/2023\/05\/app5-1024x517.png\" alt=\"\" class=\"wp-image-102\" srcset=\"https:\/\/ciudadesdigitales.appme.com.ar\/wp-content\/uploads\/2023\/05\/app5-1024x517.png 1024w, https:\/\/ciudadesdigitales.appme.com.ar\/wp-content\/uploads\/2023\/05\/app5-300x151.png 300w, https:\/\/ciudadesdigitales.appme.com.ar\/wp-content\/uploads\/2023\/05\/app5-768x388.png 768w, https:\/\/ciudadesdigitales.appme.com.ar\/wp-content\/uploads\/2023\/05\/app5-1536x776.png 1536w, https:\/\/ciudadesdigitales.appme.com.ar\/wp-content\/uploads\/2023\/05\/app5.png 1919w\" sizes=\"auto, (max-width: 767px) 89vw, (max-width: 1000px) 54vw, (max-width: 1071px) 543px, 580px\" \/><\/a><\/figure>\n\n\n\n<figure class=\"wp-block-image size-large\"><a href=\"https:\/\/ciudadesdigitales.appme.com.ar\/wp-content\/uploads\/2023\/05\/app6.png\"><img loading=\"lazy\" decoding=\"async\" width=\"1024\" height=\"519\" src=\"https:\/\/ciudadesdigitales.appme.com.ar\/wp-content\/uploads\/2023\/05\/app6-1024x519.png\" alt=\"\" class=\"wp-image-103\" srcset=\"https:\/\/ciudadesdigitales.appme.com.ar\/wp-content\/uploads\/2023\/05\/app6-1024x519.png 1024w, https:\/\/ciudadesdigitales.appme.com.ar\/wp-content\/uploads\/2023\/05\/app6-300x152.png 300w, https:\/\/ciudadesdigitales.appme.com.ar\/wp-content\/uploads\/2023\/05\/app6-768x389.png 768w, https:\/\/ciudadesdigitales.appme.com.ar\/wp-content\/uploads\/2023\/05\/app6-1536x779.png 1536w, https:\/\/ciudadesdigitales.appme.com.ar\/wp-content\/uploads\/2023\/05\/app6.png 1907w\" sizes=\"auto, (max-width: 767px) 89vw, (max-width: 1000px) 54vw, (max-width: 1071px) 543px, 580px\" \/><\/a><\/figure>\n\n\n\n<p>Filtros disponibles para los vecinos desde su tel\u00e9fono m\u00f3vil.<\/p>\n\n\n\n<figure class=\"wp-block-image size-large\"><a href=\"https:\/\/ciudadesdigitales.appme.com.ar\/wp-content\/uploads\/2023\/05\/app7.png\"><img loading=\"lazy\" decoding=\"async\" width=\"1024\" height=\"518\" src=\"https:\/\/ciudadesdigitales.appme.com.ar\/wp-content\/uploads\/2023\/05\/app7-1024x518.png\" alt=\"\" class=\"wp-image-104\" srcset=\"https:\/\/ciudadesdigitales.appme.com.ar\/wp-content\/uploads\/2023\/05\/app7-1024x518.png 1024w, https:\/\/ciudadesdigitales.appme.com.ar\/wp-content\/uploads\/2023\/05\/app7-300x152.png 300w, https:\/\/ciudadesdigitales.appme.com.ar\/wp-content\/uploads\/2023\/05\/app7-768x388.png 768w, https:\/\/ciudadesdigitales.appme.com.ar\/wp-content\/uploads\/2023\/05\/app7-1536x776.png 1536w, https:\/\/ciudadesdigitales.appme.com.ar\/wp-content\/uploads\/2023\/05\/app7.png 1913w\" sizes=\"auto, (max-width: 767px) 89vw, (max-width: 1000px) 54vw, (max-width: 1071px) 543px, 580px\" \/><\/a><\/figure>\n\n\n\n<p>Filtros disponibles para los accesos desde el municipio.<\/p>\n\n\n\n<figure class=\"wp-block-image size-large\"><a href=\"https:\/\/ciudadesdigitales.appme.com.ar\/wp-content\/uploads\/2023\/05\/app8.png\"><img loading=\"lazy\" decoding=\"async\" width=\"1024\" height=\"519\" src=\"https:\/\/ciudadesdigitales.appme.com.ar\/wp-content\/uploads\/2023\/05\/app8-1024x519.png\" alt=\"\" class=\"wp-image-105\" srcset=\"https:\/\/ciudadesdigitales.appme.com.ar\/wp-content\/uploads\/2023\/05\/app8-1024x519.png 1024w, https:\/\/ciudadesdigitales.appme.com.ar\/wp-content\/uploads\/2023\/05\/app8-300x152.png 300w, https:\/\/ciudadesdigitales.appme.com.ar\/wp-content\/uploads\/2023\/05\/app8-768x389.png 768w, https:\/\/ciudadesdigitales.appme.com.ar\/wp-content\/uploads\/2023\/05\/app8-1536x778.png 1536w, https:\/\/ciudadesdigitales.appme.com.ar\/wp-content\/uploads\/2023\/05\/app8.png 1917w\" sizes=\"auto, (max-width: 767px) 89vw, (max-width: 1000px) 54vw, (max-width: 1071px) 543px, 580px\" \/><\/a><\/figure>\n\n\n\n<p>Vista de un mapa mostrando los reclamos de los vecinos.<\/p>\n","protected":false},"excerpt":{"rendered":"<p>Acceso al sitio con credenciales de acceso. Algunos de las opciones de la web, accediendo desde su men\u00fa. Una de las pantallas para la administraci\u00f3n de la informaci\u00f3n. Filtros disponibles para los vecinos desde su tel\u00e9fono m\u00f3vil. Filtros disponibles para los accesos desde el municipio. Vista de un mapa mostrando los reclamos de los vecinos.<\/p>\n","protected":false},"author":1,"featured_media":0,"parent":0,"menu_order":0,"comment_status":"closed","ping_status":"closed","template":"","meta":{"footnotes":""},"class_list":["post-96","page","type-page","status-publish","hentry"],"_links":{"self":[{"href":"https:\/\/ciudadesdigitales.appme.com.ar\/index.php?rest_route=\/wp\/v2\/pages\/96","targetHints":{"allow":["GET"]}}],"collection":[{"href":"https:\/\/ciudadesdigitales.appme.com.ar\/index.php?rest_route=\/wp\/v2\/pages"}],"about":[{"href":"https:\/\/ciudadesdigitales.appme.com.ar\/index.php?rest_route=\/wp\/v2\/types\/page"}],"author":[{"embeddable":true,"href":"https:\/\/ciudadesdigitales.appme.com.ar\/index.php?rest_route=\/wp\/v2\/users\/1"}],"replies":[{"embeddable":true,"href":"https:\/\/ciudadesdigitales.appme.com.ar\/index.php?rest_route=%2Fwp%2Fv2%2Fcomments&post=96"}],"version-history":[{"count":5,"href":"https:\/\/ciudadesdigitales.appme.com.ar\/index.php?rest_route=\/wp\/v2\/pages\/96\/revisions"}],"predecessor-version":[{"id":108,"href":"https:\/\/ciudadesdigitales.appme.com.ar\/index.php?rest_route=\/wp\/v2\/pages\/96\/revisions\/108"}],"wp:attachment":[{"href":"https:\/\/ciudadesdigitales.appme.com.ar\/index.php?rest_route=%2Fwp%2Fv2%2Fmedia&parent=96"}],"curies":[{"name":"wp","href":"https:\/\/api.w.org\/{rel}","templated":true}]}}