{"id":46,"date":"2023-05-10T22:42:33","date_gmt":"2023-05-10T22:42:33","guid":{"rendered":"https:\/\/ciudadesdigitales.appme.com.ar\/?page_id=46"},"modified":"2023-05-16T16:12:05","modified_gmt":"2023-05-16T16:12:05","slug":"como-funciona","status":"publish","type":"page","link":"https:\/\/ciudadesdigitales.appme.com.ar\/?page_id=46","title":{"rendered":"\u00bfC\u00d3MO FUNCIONA?"},"content":{"rendered":"\n<p><br>Desde un celular, registrarse como ciudadano con su n\u00famero de celular y DNI (el registro es obligatorio, para generar el compromiso ciudadano eliminando el anonimato).<\/p>\n\n\n\n<p><br>Con esta APP, el ciudadano registrado puede sacar una foto de un problema a resolver por el municipio: una luminaria quemada, un pozo sin tapar, un \u00e1rbol por podar, un auto mal estacionado, y enviarla a un servidor privado. En el servidor, se almacena adem\u00e1s de la foto, la geo-localizaci\u00f3n del lugar donde fue tomada, fecha, hora.<\/p>\n\n\n\n<p><br>Como parte de la gesti\u00f3n, a cada reclamo permite ingresar a qu\u00e9 Direcci\u00f3n se debe asignar y qu\u00e9 prioridad se le otorga.<\/p>\n\n\n\n<p><br>Luego, en cada Direcci\u00f3n, esta informaci\u00f3n es presentada en un mapa de Google, por lo que puede ser agrupada por zona, por prioridad, para una mejor programaci\u00f3n de la obra. <\/p>\n\n\n\n<p>Toda esta administraci\u00f3n es realizada a trav\u00e9s de una aplicaci\u00f3n web, que permite hacer un<br>seguimiento de las tareas y de los distintos estados: Se asign\u00f3 cuadrilla; se est\u00e1n reservando materiales; en curso; finalizada.<\/p>\n\n\n\n<p><br>De cada uno de estos momentos, se env\u00eda un mensaje al usuario \/ ciudadano que realiz\u00f3 el reclamo: &#8216;Su solicitud ha sido recibida&#8217;; &#8216;Su solicitud ha sido derivada a la Direcci\u00f3n de &#8230;&#8217;; &#8216;Estamos trabajando en su solicitud!&#8217;; &#8216;Se estima que las tareas estar\u00e1n finalizadas para<br>(fecha)&#8217;; &#8216;Las tareas han sido finalizadas&#8217; (con foto adjunta).<\/p>\n\n\n\n<p><br>En un principio, el ciudadano puede ser reemplazado por un agente municipal, hasta que se encuentre depurado el procedimiento.<\/p>\n\n\n\n<p><br>Dada la trazabilidad de la gesti\u00f3n pueden medirse los tiempos y la eficiencia con que se dio respuesta al pedido.<\/p>\n\n\n\n<figure class=\"wp-block-image size-full\"><img loading=\"lazy\" decoding=\"async\" width=\"224\" height=\"250\" src=\"https:\/\/ciudadesdigitales.appme.com.ar\/wp-content\/uploads\/2023\/05\/cropped-ciudad-digital-blanco-logo-1.png\" alt=\"\" class=\"wp-image-124\"\/><\/figure>\n","protected":false},"excerpt":{"rendered":"<p>Desde un celular, registrarse como ciudadano con su n\u00famero de celular y DNI (el registro es obligatorio, para generar el compromiso ciudadano eliminando el anonimato). Con esta APP, el ciudadano registrado puede sacar una foto de un problema a resolver por el municipio: una luminaria quemada, un pozo sin tapar, un \u00e1rbol por podar, un &hellip; <\/p>\n<p class=\"link-more\"><a href=\"https:\/\/ciudadesdigitales.appme.com.ar\/?page_id=46\" class=\"more-link\">Segu\u00ed leyendo<span class=\"screen-reader-text\"> &#8220;\u00bfC\u00d3MO FUNCIONA?&#8221;<\/span><\/a><\/p>\n","protected":false},"author":1,"featured_media":70,"parent":0,"menu_order":0,"comment_status":"closed","ping_status":"closed","template":"","meta":{"footnotes":""},"class_list":["post-46","page","type-page","status-publish","has-post-thumbnail","hentry"],"_links":{"self":[{"href":"https:\/\/ciudadesdigitales.appme.com.ar\/index.php?rest_route=\/wp\/v2\/pages\/46","targetHints":{"allow":["GET"]}}],"collection":[{"href":"https:\/\/ciudadesdigitales.appme.com.ar\/index.php?rest_route=\/wp\/v2\/pages"}],"about":[{"href":"https:\/\/ciudadesdigitales.appme.com.ar\/index.php?rest_route=\/wp\/v2\/types\/page"}],"author":[{"embeddable":true,"href":"https:\/\/ciudadesdigitales.appme.com.ar\/index.php?rest_route=\/wp\/v2\/users\/1"}],"replies":[{"embeddable":true,"href":"https:\/\/ciudadesdigitales.appme.com.ar\/index.php?rest_route=%2Fwp%2Fv2%2Fcomments&post=46"}],"version-history":[{"count":2,"href":"https:\/\/ciudadesdigitales.appme.com.ar\/index.php?rest_route=\/wp\/v2\/pages\/46\/revisions"}],"predecessor-version":[{"id":137,"href":"https:\/\/ciudadesdigitales.appme.com.ar\/index.php?rest_route=\/wp\/v2\/pages\/46\/revisions\/137"}],"wp:featuredmedia":[{"embeddable":true,"href":"https:\/\/ciudadesdigitales.appme.com.ar\/index.php?rest_route=\/wp\/v2\/media\/70"}],"wp:attachment":[{"href":"https:\/\/ciudadesdigitales.appme.com.ar\/index.php?rest_route=%2Fwp%2Fv2%2Fmedia&parent=46"}],"curies":[{"name":"wp","href":"https:\/\/api.w.org\/{rel}","templated":true}]}}