{"id":41,"date":"2023-05-10T22:30:34","date_gmt":"2023-05-10T22:30:34","guid":{"rendered":"https:\/\/ciudadesdigitales.appme.com.ar\/?page_id=41"},"modified":"2023-05-16T16:31:50","modified_gmt":"2023-05-16T16:31:50","slug":"beneficios-de-contratar-ciudad-digital","status":"publish","type":"page","link":"https:\/\/ciudadesdigitales.appme.com.ar\/?page_id=41","title":{"rendered":"BENEFICIOS DE CONTRATAR CIUDAD DIGITAL"},"content":{"rendered":"\n<ul class=\"wp-block-list\">\n<li>F\u00e1cil relevamiento de roturas, baches, \u00e1rboles ca\u00eddos, etc. mediante foto y geo-localizaci\u00f3n.<\/li>\n\n\n\n<li>Reporte inmediato al \u00e1rea en cuesti\u00f3n.<\/li>\n\n\n\n<li>Posibilidad de comenzar a usar Ciudad Digital en etapa de prueba con los agentes municipales y una vez consolidada abrirla a la sociedad toda.<\/li>\n\n\n\n<li>Brinda herramientas para controlar a los empleados y a los funcionarios de segunda y tercera l\u00ednea.<\/li>\n\n\n\n<li>Genera estad\u00edsticas sobre zonas con mayor conflictividad, servicios con m\u00e1s desperfectos, tiempos de demora en la soluci\u00f3n de los problemas.<\/li>\n\n\n\n<li>Permite el control exacto del fin de obra mediante una foto tambi\u00e9n geo-localizada.<\/li>\n\n\n\n<li>Posibilita controlar el modo en que se termina la obra, evitando los finales de reparaciones que dejan restos de escombros o tierra y que tanto molesta a los vecinos.<\/li>\n\n\n\n<li>Habilita al control ciudadano, lo que genera confianza de los votantes en sus gobernantes.<\/li>\n\n\n\n<li>Elimina el tiempo perdido en chequear si la cuadrilla hizo lo que ten\u00eda que hacer, si el responsable fue a controlar o no control\u00f3, etc.<\/li>\n\n\n\n<li>Disminuye los malos entendidos y las informaciones falaces&#8230; lo que se hizo se fotograf\u00eda y se informa, es indiscutible.<\/li>\n<\/ul>\n\n\n\n<figure class=\"wp-block-image size-full\"><img loading=\"lazy\" decoding=\"async\" width=\"224\" height=\"250\" src=\"https:\/\/ciudadesdigitales.appme.com.ar\/wp-content\/uploads\/2023\/05\/cropped-ciudad-digital-blanco-logo-1.png\" alt=\"\" class=\"wp-image-124\"\/><\/figure>\n","protected":false},"excerpt":{"rendered":"","protected":false},"author":1,"featured_media":68,"parent":0,"menu_order":0,"comment_status":"closed","ping_status":"closed","template":"","meta":{"footnotes":""},"class_list":["post-41","page","type-page","status-publish","has-post-thumbnail","hentry"],"_links":{"self":[{"href":"https:\/\/ciudadesdigitales.appme.com.ar\/index.php?rest_route=\/wp\/v2\/pages\/41","targetHints":{"allow":["GET"]}}],"collection":[{"href":"https:\/\/ciudadesdigitales.appme.com.ar\/index.php?rest_route=\/wp\/v2\/pages"}],"about":[{"href":"https:\/\/ciudadesdigitales.appme.com.ar\/index.php?rest_route=\/wp\/v2\/types\/page"}],"author":[{"embeddable":true,"href":"https:\/\/ciudadesdigitales.appme.com.ar\/index.php?rest_route=\/wp\/v2\/users\/1"}],"replies":[{"embeddable":true,"href":"https:\/\/ciudadesdigitales.appme.com.ar\/index.php?rest_route=%2Fwp%2Fv2%2Fcomments&post=41"}],"version-history":[{"count":4,"href":"https:\/\/ciudadesdigitales.appme.com.ar\/index.php?rest_route=\/wp\/v2\/pages\/41\/revisions"}],"predecessor-version":[{"id":141,"href":"https:\/\/ciudadesdigitales.appme.com.ar\/index.php?rest_route=\/wp\/v2\/pages\/41\/revisions\/141"}],"wp:featuredmedia":[{"embeddable":true,"href":"https:\/\/ciudadesdigitales.appme.com.ar\/index.php?rest_route=\/wp\/v2\/media\/68"}],"wp:attachment":[{"href":"https:\/\/ciudadesdigitales.appme.com.ar\/index.php?rest_route=%2Fwp%2Fv2%2Fmedia&parent=41"}],"curies":[{"name":"wp","href":"https:\/\/api.w.org\/{rel}","templated":true}]}}