{"id":15,"date":"2023-05-10T21:50:46","date_gmt":"2023-05-10T21:50:46","guid":{"rendered":"https:\/\/ciudadesdigitales.appme.com.ar\/?page_id=15"},"modified":"2023-05-15T22:11:47","modified_gmt":"2023-05-15T22:11:47","slug":"inicio","status":"publish","type":"page","link":"https:\/\/ciudadesdigitales.appme.com.ar\/","title":{"rendered":"\u00bfQUE ES UNA CIUDAD DIGITAL?"},"content":{"rendered":"\n<p>Una ciudad se convierte en digital cuando las tecnolog\u00edas de la informaci\u00f3n y las comunicaciones est\u00e1n puestas al servicio del desarrollo y el mejoramiento de la calidad de vida de sus habitantes.<\/p>\n\n\n\n<p><br>Una ciudad digital es aquella que usando estas herramientas, se convierte en una ciudad mucho m\u00e1s eficiente, permitiendo el acceso de todos sus habitantes a la Sociedad Global de la Informaci\u00f3n y el Conocimiento.<\/p>\n\n\n\n<figure class=\"wp-block-image size-full\"><img loading=\"lazy\" decoding=\"async\" width=\"224\" height=\"250\" src=\"https:\/\/ciudadesdigitales.appme.com.ar\/wp-content\/uploads\/2023\/05\/cropped-ciudad-digital-blanco-logo-1.png\" alt=\"\" class=\"wp-image-124\"\/><\/figure>\n","protected":false},"excerpt":{"rendered":"<p>Una ciudad se convierte en digital cuando las tecnolog\u00edas de la informaci\u00f3n y las comunicaciones est\u00e1n puestas al servicio del desarrollo y el mejoramiento de la calidad de vida de sus habitantes. Una ciudad digital es aquella que usando estas herramientas, se convierte en una ciudad mucho m\u00e1s eficiente, permitiendo el acceso de todos sus &hellip; <\/p>\n<p class=\"link-more\"><a href=\"https:\/\/ciudadesdigitales.appme.com.ar\/\" class=\"more-link\">Segu\u00ed leyendo<span class=\"screen-reader-text\"> &#8220;\u00bfQUE ES UNA CIUDAD DIGITAL?&#8221;<\/span><\/a><\/p>\n","protected":false},"author":1,"featured_media":63,"parent":0,"menu_order":0,"comment_status":"closed","ping_status":"closed","template":"","meta":{"footnotes":""},"class_list":["post-15","page","type-page","status-publish","has-post-thumbnail","hentry"],"_links":{"self":[{"href":"https:\/\/ciudadesdigitales.appme.com.ar\/index.php?rest_route=\/wp\/v2\/pages\/15","targetHints":{"allow":["GET"]}}],"collection":[{"href":"https:\/\/ciudadesdigitales.appme.com.ar\/index.php?rest_route=\/wp\/v2\/pages"}],"about":[{"href":"https:\/\/ciudadesdigitales.appme.com.ar\/index.php?rest_route=\/wp\/v2\/types\/page"}],"author":[{"embeddable":true,"href":"https:\/\/ciudadesdigitales.appme.com.ar\/index.php?rest_route=\/wp\/v2\/users\/1"}],"replies":[{"embeddable":true,"href":"https:\/\/ciudadesdigitales.appme.com.ar\/index.php?rest_route=%2Fwp%2Fv2%2Fcomments&post=15"}],"version-history":[{"count":9,"href":"https:\/\/ciudadesdigitales.appme.com.ar\/index.php?rest_route=\/wp\/v2\/pages\/15\/revisions"}],"predecessor-version":[{"id":132,"href":"https:\/\/ciudadesdigitales.appme.com.ar\/index.php?rest_route=\/wp\/v2\/pages\/15\/revisions\/132"}],"wp:featuredmedia":[{"embeddable":true,"href":"https:\/\/ciudadesdigitales.appme.com.ar\/index.php?rest_route=\/wp\/v2\/media\/63"}],"wp:attachment":[{"href":"https:\/\/ciudadesdigitales.appme.com.ar\/index.php?rest_route=%2Fwp%2Fv2%2Fmedia&parent=15"}],"curies":[{"name":"wp","href":"https:\/\/api.w.org\/{rel}","templated":true}]}}